{"id":1081,"date":"2025-08-11T20:36:12","date_gmt":"2025-08-11T20:36:12","guid":{"rendered":"https:\/\/arguimarket.com\/?post_type=product&#038;p=1081"},"modified":"2025-09-09T11:11:22","modified_gmt":"2025-09-09T11:11:22","slug":"chicken-soup-noodles","status":"publish","type":"product","link":"https:\/\/arguimarket.com\/?product=chicken-soup-noodles","title":{"rendered":"Noodles Sabor Sopa de Pollo"},"content":{"rendered":"<p><strong data-start=\"49\" data-end=\"93\">Noodles Instant\u00e1neos Sabor Sopa de Pollo<\/strong> \u2013 Deliciosa sopa con fideos instant\u00e1neos sabor caldo de pollo, elaborada con ingredientes seleccionados para ofrecer un sabor aut\u00e9ntico y reconfortante. Su base de <strong data-start=\"258\" data-end=\"287\">caldo de pollo artificial<\/strong> est\u00e1 enriquecida con especias y condimentos que logran un gusto intenso y arom\u00e1tico. Ideal para disfrutar en cualquier momento del d\u00eda, listo en pocos minutos, perfecto para quienes buscan una comida r\u00e1pida, nutritiva y llena de sabor tradicional.<\/p>\n","protected":false},"excerpt":{"rendered":"<p>Noodles Instant\u00e1neos Sabor Sopa de Pollo \u2013 Deliciosa sopa con fideos instant\u00e1neos sabor caldo de pollo, elaborada con ingredientes seleccionados para ofrecer un sabor aut\u00e9ntico y reconfortante. Su base de caldo de pollo artificial est\u00e1 enriquecida con especias y condimentos que logran un gusto intenso y arom\u00e1tico. Ideal para disfrutar en cualquier momento del d\u00eda, [&hellip;]<\/p>\n","protected":false},"featured_media":1023,"comment_status":"open","ping_status":"closed","template":"","meta":[],"product_brand":[],"product_cat":[36],"product_tag":[],"class_list":{"0":"post-1081","1":"product","2":"type-product","3":"status-publish","4":"has-post-thumbnail","6":"product_cat-ramen-noodles","7":"product_shipping_class-envios-de-1kg","9":"first","10":"instock","11":"taxable","12":"shipping-taxable","13":"purchasable","14":"product-type-simple"},"_links":{"self":[{"href":"https:\/\/arguimarket.com\/index.php?rest_route=\/wp\/v2\/product\/1081","targetHints":{"allow":["GET"]}}],"collection":[{"href":"https:\/\/arguimarket.com\/index.php?rest_route=\/wp\/v2\/product"}],"about":[{"href":"https:\/\/arguimarket.com\/index.php?rest_route=\/wp\/v2\/types\/product"}],"replies":[{"embeddable":true,"href":"https:\/\/arguimarket.com\/index.php?rest_route=%2Fwp%2Fv2%2Fcomments&post=1081"}],"wp:featuredmedia":[{"embeddable":true,"href":"https:\/\/arguimarket.com\/index.php?rest_route=\/wp\/v2\/media\/1023"}],"wp:attachment":[{"href":"https:\/\/arguimarket.com\/index.php?rest_route=%2Fwp%2Fv2%2Fmedia&parent=1081"}],"wp:term":[{"taxonomy":"product_brand","embeddable":true,"href":"https:\/\/arguimarket.com\/index.php?rest_route=%2Fwp%2Fv2%2Fproduct_brand&post=1081"},{"taxonomy":"product_cat","embeddable":true,"href":"https:\/\/arguimarket.com\/index.php?rest_route=%2Fwp%2Fv2%2Fproduct_cat&post=1081"},{"taxonomy":"product_tag","embeddable":true,"href":"https:\/\/arguimarket.com\/index.php?rest_route=%2Fwp%2Fv2%2Fproduct_tag&post=1081"}],"curies":[{"name":"wp","href":"https:\/\/api.w.org\/{rel}","templated":true}]}}