{"id":1091,"date":"2025-08-11T20:24:20","date_gmt":"2025-08-11T20:24:20","guid":{"rendered":"https:\/\/arguimarket.com\/?post_type=product&#038;p=1091"},"modified":"2025-09-09T11:23:24","modified_gmt":"2025-09-09T11:23:24","slug":"doraemon-soft-drink-edicion-limitada","status":"publish","type":"product","link":"https:\/\/arguimarket.com\/?product=doraemon-soft-drink-edicion-limitada","title":{"rendered":"Doraemon \u2013 Edici\u00f3n Limitada 30 A\u00f1os"},"content":{"rendered":"<p data-start=\"109\" data-end=\"427\"><strong data-start=\"114\" data-end=\"153\">Doraemon \u2013 Edici\u00f3n Limitada 30 A\u00f1os<\/strong> <br data-start=\"158\" data-end=\"161\" \/>Celebra tres d\u00e9cadas de aventuras con esta colecci\u00f3n exclusiva de latas inspiradas en <em data-start=\"247\" data-end=\"257\">Doraemon<\/em> y todos sus amigos. Cada dise\u00f1o captura la esencia de los personajes m\u00e1s queridos del anime: desde el carism\u00e1tico Doraemon hasta Nobita, Shizuka, Gian, Suneo y Dorami.<\/p>\n<p data-start=\"429\" data-end=\"632\">Con ilustraciones llenas de color y detalles nost\u00e1lgicos, estas latas no solo son perfectas para refrescarte, sino tambi\u00e9n para coleccionar. Un tributo \u00fanico para fans y amantes de la cultura japonesa.<\/p>\n<p data-start=\"634\" data-end=\"738\">\u2728 <em data-start=\"636\" data-end=\"733\">Disponibles por tiempo limitado\u2026 \u00a1hazte con ellas antes de que desaparezcan al bolsillo m\u00e1gico!<\/em><\/p>\n","protected":false},"excerpt":{"rendered":"<p>Doraemon \u2013 Edici\u00f3n Limitada 30 A\u00f1os Celebra tres d\u00e9cadas de aventuras con esta colecci\u00f3n exclusiva de latas inspiradas en Doraemon y todos sus amigos. Cada dise\u00f1o captura la esencia de los personajes m\u00e1s queridos del anime: desde el carism\u00e1tico Doraemon hasta Nobita, Shizuka, Gian, Suneo y Dorami. Con ilustraciones llenas de color y detalles nost\u00e1lgicos, [&hellip;]<\/p>\n","protected":false},"featured_media":1036,"comment_status":"open","ping_status":"closed","template":"","meta":[],"product_brand":[],"product_cat":[39],"product_tag":[],"class_list":{"0":"post-1091","1":"product","2":"type-product","3":"status-publish","4":"has-post-thumbnail","6":"product_cat-bebidas","7":"product_shipping_class-envios-de-1kg","9":"first","10":"instock","11":"taxable","12":"shipping-taxable","13":"purchasable","14":"product-type-variable"},"_links":{"self":[{"href":"https:\/\/arguimarket.com\/index.php?rest_route=\/wp\/v2\/product\/1091","targetHints":{"allow":["GET"]}}],"collection":[{"href":"https:\/\/arguimarket.com\/index.php?rest_route=\/wp\/v2\/product"}],"about":[{"href":"https:\/\/arguimarket.com\/index.php?rest_route=\/wp\/v2\/types\/product"}],"replies":[{"embeddable":true,"href":"https:\/\/arguimarket.com\/index.php?rest_route=%2Fwp%2Fv2%2Fcomments&post=1091"}],"wp:featuredmedia":[{"embeddable":true,"href":"https:\/\/arguimarket.com\/index.php?rest_route=\/wp\/v2\/media\/1036"}],"wp:attachment":[{"href":"https:\/\/arguimarket.com\/index.php?rest_route=%2Fwp%2Fv2%2Fmedia&parent=1091"}],"wp:term":[{"taxonomy":"product_brand","embeddable":true,"href":"https:\/\/arguimarket.com\/index.php?rest_route=%2Fwp%2Fv2%2Fproduct_brand&post=1091"},{"taxonomy":"product_cat","embeddable":true,"href":"https:\/\/arguimarket.com\/index.php?rest_route=%2Fwp%2Fv2%2Fproduct_cat&post=1091"},{"taxonomy":"product_tag","embeddable":true,"href":"https:\/\/arguimarket.com\/index.php?rest_route=%2Fwp%2Fv2%2Fproduct_tag&post=1091"}],"curies":[{"name":"wp","href":"https:\/\/api.w.org\/{rel}","templated":true}]}}