{"id":1096,"date":"2025-08-11T20:32:13","date_gmt":"2025-08-11T20:32:13","guid":{"rendered":"https:\/\/arguimarket.com\/?post_type=product&#038;p=1096"},"modified":"2025-09-09T11:19:33","modified_gmt":"2025-09-09T11:19:33","slug":"bts-hazelnut-flavor-coffee","status":"publish","type":"product","link":"https:\/\/arguimarket.com\/?product=bts-hazelnut-flavor-coffee","title":{"rendered":"BTS Hazelnut Flavor Coffee"},"content":{"rendered":"<p><strong data-start=\"48\" data-end=\"95\">BTS Iced Sweet Black Hazelnut Flavor Coffee<\/strong><br data-start=\"95\" data-end=\"98\" \/>Refrescante bebida de caf\u00e9 helado coreano con un toque dulce y arom\u00e1tico de avellana. Presentado en un <strong data-start=\"201\" data-end=\"258\" data-is-only-node=\"\">envase especial de edici\u00f3n limitada con dise\u00f1o de BTS<\/strong>, es perfecto para disfrutar fr\u00edo con hielo y saborear una combinaci\u00f3n \u00fanica de caf\u00e9 negro intenso y notas suaves de frutos secos. Con 230 ml de sabor premium y certificaci\u00f3n Halal, es ideal para fans del grupo y amantes del caf\u00e9 que buscan una experiencia diferente y coleccionable.<\/p>\n","protected":false},"excerpt":{"rendered":"<p>BTS Iced Sweet Black Hazelnut Flavor CoffeeRefrescante bebida de caf\u00e9 helado coreano con un toque dulce y arom\u00e1tico de avellana. Presentado en un envase especial de edici\u00f3n limitada con dise\u00f1o de BTS, es perfecto para disfrutar fr\u00edo con hielo y saborear una combinaci\u00f3n \u00fanica de caf\u00e9 negro intenso y notas suaves de frutos secos. Con [&hellip;]<\/p>\n","protected":false},"featured_media":1043,"comment_status":"open","ping_status":"closed","template":"","meta":[],"product_brand":[],"product_cat":[39],"product_tag":[],"class_list":{"0":"post-1096","1":"product","2":"type-product","3":"status-publish","4":"has-post-thumbnail","6":"product_cat-bebidas","7":"product_shipping_class-envios-de-1kg","9":"first","10":"instock","11":"taxable","12":"shipping-taxable","13":"purchasable","14":"product-type-simple"},"_links":{"self":[{"href":"https:\/\/arguimarket.com\/index.php?rest_route=\/wp\/v2\/product\/1096","targetHints":{"allow":["GET"]}}],"collection":[{"href":"https:\/\/arguimarket.com\/index.php?rest_route=\/wp\/v2\/product"}],"about":[{"href":"https:\/\/arguimarket.com\/index.php?rest_route=\/wp\/v2\/types\/product"}],"replies":[{"embeddable":true,"href":"https:\/\/arguimarket.com\/index.php?rest_route=%2Fwp%2Fv2%2Fcomments&post=1096"}],"wp:featuredmedia":[{"embeddable":true,"href":"https:\/\/arguimarket.com\/index.php?rest_route=\/wp\/v2\/media\/1043"}],"wp:attachment":[{"href":"https:\/\/arguimarket.com\/index.php?rest_route=%2Fwp%2Fv2%2Fmedia&parent=1096"}],"wp:term":[{"taxonomy":"product_brand","embeddable":true,"href":"https:\/\/arguimarket.com\/index.php?rest_route=%2Fwp%2Fv2%2Fproduct_brand&post=1096"},{"taxonomy":"product_cat","embeddable":true,"href":"https:\/\/arguimarket.com\/index.php?rest_route=%2Fwp%2Fv2%2Fproduct_cat&post=1096"},{"taxonomy":"product_tag","embeddable":true,"href":"https:\/\/arguimarket.com\/index.php?rest_route=%2Fwp%2Fv2%2Fproduct_tag&post=1096"}],"curies":[{"name":"wp","href":"https:\/\/api.w.org\/{rel}","templated":true}]}}