{"id":1097,"date":"2025-08-11T20:33:43","date_gmt":"2025-08-11T20:33:43","guid":{"rendered":"https:\/\/arguimarket.com\/?post_type=product&#038;p=1097"},"modified":"2025-09-09T11:17:00","modified_gmt":"2025-09-09T11:17:00","slug":"cafe-boss","status":"publish","type":"product","link":"https:\/\/arguimarket.com\/?product=cafe-boss","title":{"rendered":"CAF\u00c8 BOSS"},"content":{"rendered":"<p data-start=\"49\" data-end=\"692\"><strong data-start=\"49\" data-end=\"102\">Caf\u00e9 Boss Japon\u00e9s \u2013 Caf\u00e9 au Lait &amp; Caf\u00e9 Americano<\/strong><br data-start=\"102\" data-end=\"105\" \/>Disfruta del aut\u00e9ntico sabor japon\u00e9s con esta exclusiva selecci\u00f3n de <strong data-start=\"174\" data-end=\"187\" data-is-only-node=\"\">Caf\u00e9 Boss<\/strong>. El <strong data-start=\"192\" data-end=\"208\">Caf\u00e9 au Lait<\/strong> combina caf\u00e9 tostado de alta calidad con leche cremosa, logrando un equilibrio suave y aterciopelado ideal para quienes aman un caf\u00e9 m\u00e1s dulce y cremoso. Por otro lado, el <strong data-start=\"381\" data-end=\"399\">Caf\u00e9 Americano<\/strong> ofrece un sabor intenso y arom\u00e1tico, perfecto para quienes buscan la pureza del caf\u00e9 con un toque de energ\u00eda extra. Presentados en latas fr\u00edas listas para beber, son ideales para disfrutar en cualquier momento del d\u00eda con la practicidad y calidad que caracterizan a <strong data-start=\"666\" data-end=\"689\">Suntory Boss Coffee<\/strong>.<\/p>\n<p data-start=\"694\" data-end=\"788\" data-is-last-node=\"\" data-is-only-node=\"\">\n","protected":false},"excerpt":{"rendered":"<p>Caf\u00e9 Boss Japon\u00e9s \u2013 Caf\u00e9 au Lait &amp; Caf\u00e9 AmericanoDisfruta del aut\u00e9ntico sabor japon\u00e9s con esta exclusiva selecci\u00f3n de Caf\u00e9 Boss. El Caf\u00e9 au Lait combina caf\u00e9 tostado de alta calidad con leche cremosa, logrando un equilibrio suave y aterciopelado ideal para quienes aman un caf\u00e9 m\u00e1s dulce y cremoso. Por otro lado, el Caf\u00e9 [&hellip;]<\/p>\n","protected":false},"featured_media":1044,"comment_status":"open","ping_status":"closed","template":"","meta":[],"product_brand":[],"product_cat":[39],"product_tag":[],"class_list":{"0":"post-1097","1":"product","2":"type-product","3":"status-publish","4":"has-post-thumbnail","6":"product_cat-bebidas","7":"product_shipping_class-envios-de-1kg","9":"first","10":"instock","11":"taxable","12":"shipping-taxable","13":"purchasable","14":"product-type-variable"},"_links":{"self":[{"href":"https:\/\/arguimarket.com\/index.php?rest_route=\/wp\/v2\/product\/1097","targetHints":{"allow":["GET"]}}],"collection":[{"href":"https:\/\/arguimarket.com\/index.php?rest_route=\/wp\/v2\/product"}],"about":[{"href":"https:\/\/arguimarket.com\/index.php?rest_route=\/wp\/v2\/types\/product"}],"replies":[{"embeddable":true,"href":"https:\/\/arguimarket.com\/index.php?rest_route=%2Fwp%2Fv2%2Fcomments&post=1097"}],"wp:featuredmedia":[{"embeddable":true,"href":"https:\/\/arguimarket.com\/index.php?rest_route=\/wp\/v2\/media\/1044"}],"wp:attachment":[{"href":"https:\/\/arguimarket.com\/index.php?rest_route=%2Fwp%2Fv2%2Fmedia&parent=1097"}],"wp:term":[{"taxonomy":"product_brand","embeddable":true,"href":"https:\/\/arguimarket.com\/index.php?rest_route=%2Fwp%2Fv2%2Fproduct_brand&post=1097"},{"taxonomy":"product_cat","embeddable":true,"href":"https:\/\/arguimarket.com\/index.php?rest_route=%2Fwp%2Fv2%2Fproduct_cat&post=1097"},{"taxonomy":"product_tag","embeddable":true,"href":"https:\/\/arguimarket.com\/index.php?rest_route=%2Fwp%2Fv2%2Fproduct_tag&post=1097"}],"curies":[{"name":"wp","href":"https:\/\/api.w.org\/{rel}","templated":true}]}}