{"id":965,"date":"2025-07-27T14:15:44","date_gmt":"2025-07-27T14:15:44","guid":{"rendered":"https:\/\/arguimarket.com\/?post_type=product&#038;p=965"},"modified":"2025-08-30T21:13:21","modified_gmt":"2025-08-30T21:13:21","slug":"nissin-ramen","status":"publish","type":"product","link":"https:\/\/arguimarket.com\/?product=nissin-ramen","title":{"rendered":"Nissin Ramen"},"content":{"rendered":"<p data-start=\"98\" data-end=\"438\"><strong data-start=\"98\" data-end=\"137\">Nissin Demae Ramen Sabor Pollo 100g<\/strong><br data-start=\"137\" data-end=\"140\" \/>\u00a1Disfruta del aut\u00e9ntico sabor asi\u00e1tico en minutos! El ramen instant\u00e1neo Nissin Demae Ramen sabor pollo ofrece fideos suaves y sabrosos con un caldo arom\u00e1tico y reconfortante. Ideal para una comida r\u00e1pida, f\u00e1cil y deliciosa. Solo a\u00f1ade agua caliente y en 3 minutos tendr\u00e1s un plato lleno de sabor.<\/p>\n<p data-start=\"440\" data-end=\"550\">\u2705 Listo en 3 minutos<br data-start=\"460\" data-end=\"463\" \/>\u2705 Sabor cl\u00e1sico de pollo<br data-start=\"487\" data-end=\"490\" \/>\u2705 Perfecto como base para agregar vegetales, huevo o carne<\/p>\n","protected":false},"excerpt":{"rendered":"<p>Nissin Demae Ramen Sabor Pollo 100g\u00a1Disfruta del aut\u00e9ntico sabor asi\u00e1tico en minutos! El ramen instant\u00e1neo Nissin Demae Ramen sabor pollo ofrece fideos suaves y sabrosos con un caldo arom\u00e1tico y reconfortante. Ideal para una comida r\u00e1pida, f\u00e1cil y deliciosa. Solo a\u00f1ade agua caliente y en 3 minutos tendr\u00e1s un plato lleno de sabor. \u2705 Listo [&hellip;]<\/p>\n","protected":false},"featured_media":947,"comment_status":"open","ping_status":"closed","template":"","meta":[],"product_brand":[],"product_cat":[36],"product_tag":[],"class_list":{"0":"post-965","1":"product","2":"type-product","3":"status-publish","4":"has-post-thumbnail","6":"product_cat-ramen-noodles","8":"first","9":"instock","10":"taxable","11":"shipping-taxable","12":"purchasable","13":"product-type-variable"},"_links":{"self":[{"href":"https:\/\/arguimarket.com\/index.php?rest_route=\/wp\/v2\/product\/965","targetHints":{"allow":["GET"]}}],"collection":[{"href":"https:\/\/arguimarket.com\/index.php?rest_route=\/wp\/v2\/product"}],"about":[{"href":"https:\/\/arguimarket.com\/index.php?rest_route=\/wp\/v2\/types\/product"}],"replies":[{"embeddable":true,"href":"https:\/\/arguimarket.com\/index.php?rest_route=%2Fwp%2Fv2%2Fcomments&post=965"}],"wp:featuredmedia":[{"embeddable":true,"href":"https:\/\/arguimarket.com\/index.php?rest_route=\/wp\/v2\/media\/947"}],"wp:attachment":[{"href":"https:\/\/arguimarket.com\/index.php?rest_route=%2Fwp%2Fv2%2Fmedia&parent=965"}],"wp:term":[{"taxonomy":"product_brand","embeddable":true,"href":"https:\/\/arguimarket.com\/index.php?rest_route=%2Fwp%2Fv2%2Fproduct_brand&post=965"},{"taxonomy":"product_cat","embeddable":true,"href":"https:\/\/arguimarket.com\/index.php?rest_route=%2Fwp%2Fv2%2Fproduct_cat&post=965"},{"taxonomy":"product_tag","embeddable":true,"href":"https:\/\/arguimarket.com\/index.php?rest_route=%2Fwp%2Fv2%2Fproduct_tag&post=965"}],"curies":[{"name":"wp","href":"https:\/\/api.w.org\/{rel}","templated":true}]}}