{"id":969,"date":"2025-07-27T14:30:42","date_gmt":"2025-07-27T14:30:42","guid":{"rendered":"https:\/\/arguimarket.com\/?post_type=product&#038;p=969"},"modified":"2025-08-30T11:45:50","modified_gmt":"2025-08-30T11:45:50","slug":"ramune-hata","status":"publish","type":"product","link":"https:\/\/arguimarket.com\/?product=ramune-hata","title":{"rendered":"Ramune Hata"},"content":{"rendered":"<p data-start=\"116\" data-end=\"462\"><strong data-start=\"116\" data-end=\"156\">Bebida Japonesa HATA Ramune \u2013 200 ml<\/strong><br data-start=\"156\" data-end=\"159\" \/>\u00a1Disfruta del sabor \u00fanico y divertido de Jap\u00f3n con Ramune HATA! Estas refrescantes bebidas carbonatadas vienen en una ic\u00f3nica botella de vidrio con canica, ideal para coleccionistas y amantes de la cultura japonesa. Disponible en sabores frutales irresistibles como uva, mel\u00f3n, durazno, naranja y fresa.<\/p>\n<p data-start=\"464\" data-end=\"664\">\u2705 Botella tradicional japonesa con bola de vidrio<br data-start=\"513\" data-end=\"516\" \/>\u2705 Refresco con burbujas suave y refrescante<br data-start=\"559\" data-end=\"562\" \/>\u2705 Ideal para fiestas, snacks asi\u00e1ticos o regalar<br data-start=\"610\" data-end=\"613\" \/>\u2705 Sabores: Grape, Peach, Orange, Strawberry y Melon etc.<\/p>\n<p data-start=\"666\" data-end=\"712\">\u00a1Abre, presiona y disfruta del sabor de Jap\u00f3n!<\/p>\n","protected":false},"excerpt":{"rendered":"<p>Bebida Japonesa HATA Ramune \u2013 200 ml\u00a1Disfruta del sabor \u00fanico y divertido de Jap\u00f3n con Ramune HATA! Estas refrescantes bebidas carbonatadas vienen en una ic\u00f3nica botella de vidrio con canica, ideal para coleccionistas y amantes de la cultura japonesa. Disponible en sabores frutales irresistibles como uva, mel\u00f3n, durazno, naranja y fresa. \u2705 Botella tradicional japonesa [&hellip;]<\/p>\n","protected":false},"featured_media":957,"comment_status":"open","ping_status":"closed","template":"","meta":[],"product_brand":[],"product_cat":[39],"product_tag":[],"class_list":{"0":"post-969","1":"product","2":"type-product","3":"status-publish","4":"has-post-thumbnail","6":"product_cat-bebidas","8":"first","9":"instock","10":"taxable","11":"shipping-taxable","12":"purchasable","13":"product-type-variable"},"_links":{"self":[{"href":"https:\/\/arguimarket.com\/index.php?rest_route=\/wp\/v2\/product\/969","targetHints":{"allow":["GET"]}}],"collection":[{"href":"https:\/\/arguimarket.com\/index.php?rest_route=\/wp\/v2\/product"}],"about":[{"href":"https:\/\/arguimarket.com\/index.php?rest_route=\/wp\/v2\/types\/product"}],"replies":[{"embeddable":true,"href":"https:\/\/arguimarket.com\/index.php?rest_route=%2Fwp%2Fv2%2Fcomments&post=969"}],"wp:featuredmedia":[{"embeddable":true,"href":"https:\/\/arguimarket.com\/index.php?rest_route=\/wp\/v2\/media\/957"}],"wp:attachment":[{"href":"https:\/\/arguimarket.com\/index.php?rest_route=%2Fwp%2Fv2%2Fmedia&parent=969"}],"wp:term":[{"taxonomy":"product_brand","embeddable":true,"href":"https:\/\/arguimarket.com\/index.php?rest_route=%2Fwp%2Fv2%2Fproduct_brand&post=969"},{"taxonomy":"product_cat","embeddable":true,"href":"https:\/\/arguimarket.com\/index.php?rest_route=%2Fwp%2Fv2%2Fproduct_cat&post=969"},{"taxonomy":"product_tag","embeddable":true,"href":"https:\/\/arguimarket.com\/index.php?rest_route=%2Fwp%2Fv2%2Fproduct_tag&post=969"}],"curies":[{"name":"wp","href":"https:\/\/api.w.org\/{rel}","templated":true}]}}