{"id":983,"date":"2025-07-27T15:17:33","date_gmt":"2025-07-27T15:17:33","guid":{"rendered":"https:\/\/arguimarket.com\/?post_type=product&#038;p=983"},"modified":"2025-08-30T20:29:24","modified_gmt":"2025-08-30T20:29:24","slug":"te-matcha-premium-100-natural","status":"publish","type":"product","link":"https:\/\/arguimarket.com\/?product=te-matcha-premium-100-natural","title":{"rendered":"T\u00e9 Matcha Premium \u2013 100% Natural"},"content":{"rendered":"<p data-start=\"120\" data-end=\"156\"><strong data-start=\"120\" data-end=\"156\">T\u00e9 Matcha Premium \u2013 100% Natural<\/strong><\/p>\n<p data-start=\"158\" data-end=\"311\">Descubre la esencia pura del t\u00e9 verde japon\u00e9s con estos dos productos de matcha de alta calidad, ideales para los amantes del t\u00e9 tradicional y saludable:<\/p>\n<ol data-start=\"313\" data-end=\"1123\">\n<li data-start=\"313\" data-end=\"753\">\n<p data-start=\"316\" data-end=\"369\"><strong data-start=\"316\" data-end=\"367\">Matcha en Bolsa Verde (100g \u2013 Grado Premium AA)<\/strong><\/p>\n<ul data-start=\"373\" data-end=\"753\">\n<li data-start=\"373\" data-end=\"423\">\n<p data-start=\"375\" data-end=\"423\"><strong data-start=\"375\" data-end=\"386\">Origen:<\/strong> Directamente desde Matcha Village.<\/p>\n<\/li>\n<li data-start=\"427\" data-end=\"535\">\n<p data-start=\"429\" data-end=\"535\"><strong data-start=\"429\" data-end=\"446\">Presentaci\u00f3n:<\/strong> Bolsa resellable verde brillante con imagen del polvo de matcha en cuenco tradicional.<\/p>\n<\/li>\n<li data-start=\"539\" data-end=\"753\">\n<p data-start=\"541\" data-end=\"563\"><strong data-start=\"541\" data-end=\"561\">Caracter\u00edsticas:<\/strong><\/p>\n<ul data-start=\"569\" data-end=\"753\">\n<li data-start=\"569\" data-end=\"593\">\n<p data-start=\"571\" data-end=\"593\">100% t\u00e9 matcha puro.<\/p>\n<\/li>\n<li data-start=\"599\" data-end=\"620\">\n<p data-start=\"601\" data-end=\"620\">Grado Premium AA.<\/p>\n<\/li>\n<li data-start=\"626\" data-end=\"670\">\n<p data-start=\"628\" data-end=\"670\">Textura ultrafina y color verde intenso.<\/p>\n<\/li>\n<li data-start=\"676\" data-end=\"726\">\n<p data-start=\"678\" data-end=\"726\">Ideal para ceremonial o preparaciones gourmet.<\/p>\n<\/li>\n<li data-start=\"732\" data-end=\"753\">\n<p data-start=\"734\" data-end=\"753\">Peso neto: 100 g.<\/p>\n<\/li>\n<\/ul>\n<\/li>\n<\/ul>\n<\/li>\n<li data-start=\"755\" data-end=\"1123\">\n<p data-start=\"758\" data-end=\"813\"><strong data-start=\"758\" data-end=\"811\">Matcha en Bolsa Plateada (250g \u2013 Uso Profesional)<\/strong><\/p>\n<ul data-start=\"817\" data-end=\"1123\">\n<li data-start=\"817\" data-end=\"904\">\n<p data-start=\"819\" data-end=\"904\"><strong data-start=\"819\" data-end=\"836\">Presentaci\u00f3n:<\/strong> Bolsa met\u00e1lica plateada con dise\u00f1o minimalista en verde y blanco.<\/p>\n<\/li>\n<li data-start=\"908\" data-end=\"1123\">\n<p data-start=\"910\" data-end=\"932\"><strong data-start=\"910\" data-end=\"930\">Caracter\u00edsticas:<\/strong><\/p>\n<ul data-start=\"938\" data-end=\"1123\">\n<li data-start=\"938\" data-end=\"959\">\n<p data-start=\"940\" data-end=\"959\">Matcha 100% puro.<\/p>\n<\/li>\n<li data-start=\"965\" data-end=\"1010\">\n<p data-start=\"967\" data-end=\"1010\">Envasado para preservar frescura y sabor.<\/p>\n<\/li>\n<li data-start=\"1016\" data-end=\"1098\">\n<p data-start=\"1018\" data-end=\"1098\">Perfecto para uso profesional en cocina, reposter\u00eda o bebidas fr\u00edas\/calientes.<\/p>\n<\/li>\n<li data-start=\"1104\" data-end=\"1123\">\n<p data-start=\"1106\" data-end=\"1123\">Peso neto: 250 g.<\/p>\n<\/li>\n<\/ul>\n<\/li>\n<\/ul>\n<\/li>\n<\/ol>\n","protected":false},"excerpt":{"rendered":"<p>T\u00e9 Matcha Premium \u2013 100% Natural Descubre la esencia pura del t\u00e9 verde japon\u00e9s con estos dos productos de matcha de alta calidad, ideales para los amantes del t\u00e9 tradicional y saludable: Matcha en Bolsa Verde (100g \u2013 Grado Premium AA) Origen: Directamente desde Matcha Village. Presentaci\u00f3n: Bolsa resellable verde brillante con imagen del polvo [&hellip;]<\/p>\n","protected":false},"featured_media":954,"comment_status":"open","ping_status":"closed","template":"","meta":[],"product_brand":[],"product_cat":[39],"product_tag":[],"class_list":{"0":"post-983","1":"product","2":"type-product","3":"status-publish","4":"has-post-thumbnail","6":"product_cat-bebidas","8":"first","9":"instock","10":"taxable","11":"shipping-taxable","12":"purchasable","13":"product-type-variable"},"_links":{"self":[{"href":"https:\/\/arguimarket.com\/index.php?rest_route=\/wp\/v2\/product\/983","targetHints":{"allow":["GET"]}}],"collection":[{"href":"https:\/\/arguimarket.com\/index.php?rest_route=\/wp\/v2\/product"}],"about":[{"href":"https:\/\/arguimarket.com\/index.php?rest_route=\/wp\/v2\/types\/product"}],"replies":[{"embeddable":true,"href":"https:\/\/arguimarket.com\/index.php?rest_route=%2Fwp%2Fv2%2Fcomments&post=983"}],"wp:featuredmedia":[{"embeddable":true,"href":"https:\/\/arguimarket.com\/index.php?rest_route=\/wp\/v2\/media\/954"}],"wp:attachment":[{"href":"https:\/\/arguimarket.com\/index.php?rest_route=%2Fwp%2Fv2%2Fmedia&parent=983"}],"wp:term":[{"taxonomy":"product_brand","embeddable":true,"href":"https:\/\/arguimarket.com\/index.php?rest_route=%2Fwp%2Fv2%2Fproduct_brand&post=983"},{"taxonomy":"product_cat","embeddable":true,"href":"https:\/\/arguimarket.com\/index.php?rest_route=%2Fwp%2Fv2%2Fproduct_cat&post=983"},{"taxonomy":"product_tag","embeddable":true,"href":"https:\/\/arguimarket.com\/index.php?rest_route=%2Fwp%2Fv2%2Fproduct_tag&post=983"}],"curies":[{"name":"wp","href":"https:\/\/api.w.org\/{rel}","templated":true}]}}