{"id":984,"date":"2025-07-27T15:22:50","date_gmt":"2025-07-27T15:22:50","guid":{"rendered":"https:\/\/arguimarket.com\/?post_type=product&#038;p=984"},"modified":"2025-08-30T20:48:08","modified_gmt":"2025-08-30T20:48:08","slug":"cantabile-bebidas-coreanas","status":"publish","type":"product","link":"https:\/\/arguimarket.com\/?product=cantabile-bebidas-coreanas","title":{"rendered":"Cantabile Bebidas Coreanas"},"content":{"rendered":"<p data-start=\"154\" data-end=\"233\"><strong data-start=\"154\" data-end=\"233\">Cantabile Bebidas Coreanas \u2013 \u00a1Refresca tu d\u00eda con sabor y diversi\u00f3n! <\/strong><\/p>\n<p data-start=\"235\" data-end=\"479\">Disfruta de estas deliciosas bebidas coreanas en envase tipo pouch, perfectas para llevar y disfrutar bien fr\u00edas. Cada sabor viene ilustrado con adorables ping\u00fcinos y est\u00e1 pensado para servirse con hielo, resaltando su frescura y sabor natural.<\/p>\n<p data-start=\"481\" data-end=\"507\"><strong data-start=\"481\" data-end=\"505\">Sabores disponibles:<\/strong><\/p>\n<ul data-start=\"508\" data-end=\"883\">\n<li data-start=\"599\" data-end=\"689\">\n<p data-start=\"601\" data-end=\"689\"><strong data-start=\"604\" data-end=\"630\">Blue Lemonade (230 ml)<\/strong> \u2013 Refrescante limonada azul, ideal para un d\u00eda caluroso.<\/p>\n<\/li>\n<li data-start=\"690\" data-end=\"793\">\n<p data-start=\"692\" data-end=\"793\"><strong data-start=\"695\" data-end=\"720\">Orange Juice (230 ml)<\/strong> \u2013 Zumo de naranja con sabor vibrante, perfecto para cualquier momento.<\/p>\n<\/li>\n<li data-start=\"794\" data-end=\"883\">\n<p data-start=\"796\" data-end=\"883\"><strong data-start=\"799\" data-end=\"821\">Apple Ade (230 ml)<\/strong> \u2013 Bebida efervescente con sabor a manzana dulce y chispeante.<\/p>\n<\/li>\n<li data-start=\"794\" data-end=\"883\">Y MUCHO MAS SABORES<\/li>\n<\/ul>\n<p data-start=\"885\" data-end=\"908\"><strong data-start=\"885\" data-end=\"906\">Modo de servicio:<\/strong><\/p>\n<ul data-start=\"909\" data-end=\"1090\">\n<li data-start=\"909\" data-end=\"995\">\n<p data-start=\"911\" data-end=\"995\"><strong data-start=\"911\" data-end=\"924\">En local:<\/strong> servido con vaso y hielo para una experiencia refrescante inmediata.<\/p>\n<\/li>\n<li data-start=\"996\" data-end=\"1090\">\n<p data-start=\"998\" data-end=\"1090\"><strong data-start=\"998\" data-end=\"1009\">Online:<\/strong> se entrega con vaso desechable incluido, listo para disfrutar en casa con hielo.<\/p>\n<\/li>\n<\/ul>\n<p data-start=\"1092\" data-end=\"1208\"><strong data-start=\"1092\" data-end=\"1208\">100% disfrutable en fr\u00edo. Dise\u00f1o coreano \u00fanico y divertido. \u00a1Ideal para ni\u00f1os, j\u00f3venes y amantes de lo K-trendy!<\/strong><\/p>\n","protected":false},"excerpt":{"rendered":"<p>Cantabile Bebidas Coreanas \u2013 \u00a1Refresca tu d\u00eda con sabor y diversi\u00f3n! Disfruta de estas deliciosas bebidas coreanas en envase tipo pouch, perfectas para llevar y disfrutar bien fr\u00edas. Cada sabor viene ilustrado con adorables ping\u00fcinos y est\u00e1 pensado para servirse con hielo, resaltando su frescura y sabor natural. Sabores disponibles: Blue Lemonade (230 ml) \u2013 [&hellip;]<\/p>\n","protected":false},"featured_media":953,"comment_status":"open","ping_status":"closed","template":"","meta":[],"product_brand":[],"product_cat":[39],"product_tag":[],"class_list":{"0":"post-984","1":"product","2":"type-product","3":"status-publish","4":"has-post-thumbnail","6":"product_cat-bebidas","8":"first","9":"instock","10":"taxable","11":"shipping-taxable","12":"purchasable","13":"product-type-variable"},"_links":{"self":[{"href":"https:\/\/arguimarket.com\/index.php?rest_route=\/wp\/v2\/product\/984","targetHints":{"allow":["GET"]}}],"collection":[{"href":"https:\/\/arguimarket.com\/index.php?rest_route=\/wp\/v2\/product"}],"about":[{"href":"https:\/\/arguimarket.com\/index.php?rest_route=\/wp\/v2\/types\/product"}],"replies":[{"embeddable":true,"href":"https:\/\/arguimarket.com\/index.php?rest_route=%2Fwp%2Fv2%2Fcomments&post=984"}],"wp:featuredmedia":[{"embeddable":true,"href":"https:\/\/arguimarket.com\/index.php?rest_route=\/wp\/v2\/media\/953"}],"wp:attachment":[{"href":"https:\/\/arguimarket.com\/index.php?rest_route=%2Fwp%2Fv2%2Fmedia&parent=984"}],"wp:term":[{"taxonomy":"product_brand","embeddable":true,"href":"https:\/\/arguimarket.com\/index.php?rest_route=%2Fwp%2Fv2%2Fproduct_brand&post=984"},{"taxonomy":"product_cat","embeddable":true,"href":"https:\/\/arguimarket.com\/index.php?rest_route=%2Fwp%2Fv2%2Fproduct_cat&post=984"},{"taxonomy":"product_tag","embeddable":true,"href":"https:\/\/arguimarket.com\/index.php?rest_route=%2Fwp%2Fv2%2Fproduct_tag&post=984"}],"curies":[{"name":"wp","href":"https:\/\/api.w.org\/{rel}","templated":true}]}}