{"id":985,"date":"2025-07-27T15:26:33","date_gmt":"2025-07-27T15:26:33","guid":{"rendered":"https:\/\/arguimarket.com\/?post_type=product&#038;p=985"},"modified":"2025-08-30T20:38:38","modified_gmt":"2025-08-30T20:38:38","slug":"mogu-mogu","status":"publish","type":"product","link":"https:\/\/arguimarket.com\/?product=mogu-mogu","title":{"rendered":"Mogu Mogu"},"content":{"rendered":"<p data-start=\"109\" data-end=\"151\"><strong data-start=\"109\" data-end=\"151\"> Mogu Mogu \u2013 \u00a1B\u00e9belo y mast\u00edcalo! <\/strong><\/p>\n<p data-start=\"153\" data-end=\"442\">Mogu Mogu es la bebida asi\u00e1tica m\u00e1s divertida y refrescante del mercado, \u00a1con trocitos de nata de coco (nata de coco o <em data-start=\"272\" data-end=\"286\">nata de coco<\/em>) en cada sorbo! Perfecta para quienes buscan una experiencia \u00fanica, mezcla jugo de fruta con textura masticable para un placer doble: <strong data-start=\"421\" data-end=\"441\">beber y masticar<\/strong>.<\/p>\n<p data-start=\"444\" data-end=\"730\"><strong data-start=\"444\" data-end=\"468\">Sabores disponibles:<\/strong><br data-start=\"468\" data-end=\"471\" \/><strong data-start=\"474\" data-end=\"482\">Pi\u00f1a<\/strong> \u2013 Dulce y tropical, ideal para d\u00edas soleados.<br data-start=\"528\" data-end=\"531\" \/><strong data-start=\"534\" data-end=\"552\">Grosella Negra<\/strong> \u2013 Sabor intenso y vibrante.<br data-start=\"580\" data-end=\"583\" \/><strong data-start=\"586\" data-end=\"595\">Fresa<\/strong> \u2013 Cl\u00e1sico irresistible y lleno de frescura.<br data-start=\"639\" data-end=\"642\" \/><strong data-start=\"645\" data-end=\"653\">Coco<\/strong> \u2013 Refrescante, suave y tropical.<br data-start=\"686\" data-end=\"689\" \/><strong data-start=\"692\" data-end=\"699\">Uva<\/strong> \u2013 Dulce, afrutado y delicioso.<\/p>\n<p data-start=\"732\" data-end=\"933\"><strong data-start=\"732\" data-end=\"763\">Caracter\u00edsticas destacadas:<\/strong><br data-start=\"763\" data-end=\"766\" \/>\u2705 Contiene nata de coco real.<br data-start=\"795\" data-end=\"798\" \/>\u2705 Sin gas.<br data-start=\"808\" data-end=\"811\" \/>\u2705 Ideal para tomar muy fr\u00edo.<br data-start=\"839\" data-end=\"842\" \/>\u2705 Botella pr\u00e1ctica y segura con tapa roscada.<br data-start=\"887\" data-end=\"890\" \/>\u2705 320 ml de pura diversi\u00f3n en cada botella.<\/p>\n<p data-start=\"935\" data-end=\"1039\"><strong data-start=\"935\" data-end=\"952\">Perfecta para<\/strong>: ni\u00f1os, j\u00f3venes, amantes de lo asi\u00e1tico y cualquiera que quiera probar algo diferente.<\/p>\n<p data-start=\"1041\" data-end=\"1116\"><strong data-start=\"1041\" data-end=\"1116\">\u00a1Atr\u00e9vete a probar Mogu Mogu y descubre por qu\u00e9 todo el mundo la adora!<\/strong><\/p>\n","protected":false},"excerpt":{"rendered":"<p>Mogu Mogu \u2013 \u00a1B\u00e9belo y mast\u00edcalo! Mogu Mogu es la bebida asi\u00e1tica m\u00e1s divertida y refrescante del mercado, \u00a1con trocitos de nata de coco (nata de coco o nata de coco) en cada sorbo! Perfecta para quienes buscan una experiencia \u00fanica, mezcla jugo de fruta con textura masticable para un placer doble: beber y masticar. [&hellip;]<\/p>\n","protected":false},"featured_media":952,"comment_status":"open","ping_status":"closed","template":"","meta":[],"product_brand":[],"product_cat":[39],"product_tag":[],"class_list":{"0":"post-985","1":"product","2":"type-product","3":"status-publish","4":"has-post-thumbnail","6":"product_cat-bebidas","8":"first","9":"instock","10":"taxable","11":"shipping-taxable","12":"purchasable","13":"product-type-variable"},"_links":{"self":[{"href":"https:\/\/arguimarket.com\/index.php?rest_route=\/wp\/v2\/product\/985","targetHints":{"allow":["GET"]}}],"collection":[{"href":"https:\/\/arguimarket.com\/index.php?rest_route=\/wp\/v2\/product"}],"about":[{"href":"https:\/\/arguimarket.com\/index.php?rest_route=\/wp\/v2\/types\/product"}],"replies":[{"embeddable":true,"href":"https:\/\/arguimarket.com\/index.php?rest_route=%2Fwp%2Fv2%2Fcomments&post=985"}],"wp:featuredmedia":[{"embeddable":true,"href":"https:\/\/arguimarket.com\/index.php?rest_route=\/wp\/v2\/media\/952"}],"wp:attachment":[{"href":"https:\/\/arguimarket.com\/index.php?rest_route=%2Fwp%2Fv2%2Fmedia&parent=985"}],"wp:term":[{"taxonomy":"product_brand","embeddable":true,"href":"https:\/\/arguimarket.com\/index.php?rest_route=%2Fwp%2Fv2%2Fproduct_brand&post=985"},{"taxonomy":"product_cat","embeddable":true,"href":"https:\/\/arguimarket.com\/index.php?rest_route=%2Fwp%2Fv2%2Fproduct_cat&post=985"},{"taxonomy":"product_tag","embeddable":true,"href":"https:\/\/arguimarket.com\/index.php?rest_route=%2Fwp%2Fv2%2Fproduct_tag&post=985"}],"curies":[{"name":"wp","href":"https:\/\/api.w.org\/{rel}","templated":true}]}}