{"id":988,"date":"2025-07-27T15:49:04","date_gmt":"2025-07-27T15:49:04","guid":{"rendered":"https:\/\/arguimarket.com\/?post_type=product&#038;p=988"},"modified":"2025-08-30T19:26:15","modified_gmt":"2025-08-30T19:26:15","slug":"nongshim-soon-veggie-ramyun","status":"publish","type":"product","link":"https:\/\/arguimarket.com\/?product=nongshim-soon-veggie-ramyun","title":{"rendered":"Nongshim Soon Veggie Ramyun"},"content":{"rendered":"<article class=\"text-token-text-primary w-full focus:outline-none scroll-mt-[calc(var(--header-height)+min(200px,max(70px,20svh)))]\" dir=\"auto\" tabindex=\"-1\" data-testid=\"conversation-turn-12\" data-scroll-anchor=\"true\" data-turn=\"assistant\">\n<div class=\"text-base my-auto mx-auto pb-10 [--thread-content-margin:--spacing(4)] @[37rem]:[--thread-content-margin:--spacing(6)] @[72rem]:[--thread-content-margin:--spacing(16)] px-(--thread-content-margin)\">\n<div class=\"[--thread-content-max-width:32rem] @[34rem]:[--thread-content-max-width:40rem] @[64rem]:[--thread-content-max-width:48rem] mx-auto max-w-(--thread-content-max-width) flex-1 group\/turn-messages focus-visible:outline-hidden relative flex w-full min-w-0 flex-col agent-turn\" tabindex=\"-1\">\n<div class=\"flex max-w-full flex-col grow\">\n<div class=\"min-h-8 text-message relative flex w-full flex-col items-end gap-2 text-start break-words whitespace-normal [.text-message+&amp;]:mt-5\" dir=\"auto\" data-message-author-role=\"assistant\" data-message-id=\"1e2c7fd7-4fb8-49f8-a735-de84a041b3e5\" data-message-model-slug=\"gpt-4o\">\n<div class=\"flex w-full flex-col gap-1 empty:hidden first:pt-[3px]\">\n<div class=\"markdown prose dark:prose-invert w-full break-words dark\">\n<h3 data-start=\"83\" data-end=\"154\"><strong data-start=\"90\" data-end=\"154\">Nongshim Soon Veggie Ramyun \u2013 Fideos Veganos Coreanos (112g)<\/strong><\/h3>\n<p data-start=\"156\" data-end=\"485\"><strong data-start=\"156\" data-end=\"193\">Delicioso, ligero y 100% vegetal.<\/strong><br data-start=\"193\" data-end=\"196\" \/>Nongshim Soon Veggie Ramyun es la opci\u00f3n perfecta para quienes buscan una comida r\u00e1pida y reconfortante sin ingredientes de origen animal. Elaborado por una de las marcas m\u00e1s reconocidas de Corea del Sur, este ramen ofrece todo el sabor tradicional en una versi\u00f3n completamente <strong data-start=\"474\" data-end=\"484\">vegana<\/strong>.<\/p>\n<hr data-start=\"487\" data-end=\"490\" \/>\n<p data-start=\"492\" data-end=\"527\"><strong data-start=\"492\" data-end=\"527\">\u2728 Caracter\u00edsticas del producto:<\/strong><\/p>\n<ul data-start=\"529\" data-end=\"953\">\n<li data-start=\"529\" data-end=\"627\">\n<p data-start=\"531\" data-end=\"627\">\u2705 <strong data-start=\"533\" data-end=\"556\">Certificado Vegano.<\/strong> Sin ingredientes animales, ideal para dietas veganas o vegetarianas.<\/p>\n<\/li>\n<li data-start=\"628\" data-end=\"719\">\n<p data-start=\"630\" data-end=\"719\">\u2705 <strong data-start=\"632\" data-end=\"662\">Sabor suave y equilibrado.<\/strong> A base de vegetales, con un caldo arom\u00e1tico y sabroso.<\/p>\n<\/li>\n<li data-start=\"720\" data-end=\"790\">\n<p data-start=\"722\" data-end=\"790\">\u2705 <strong data-start=\"724\" data-end=\"754\">Fideos firmes y el\u00e1sticos.<\/strong> Textura perfecta tras la cocci\u00f3n.<\/p>\n<\/li>\n<li data-start=\"791\" data-end=\"864\">\n<p data-start=\"793\" data-end=\"864\">\u2705 <strong data-start=\"795\" data-end=\"817\">F\u00e1cil de preparar.<\/strong> Solo necesitas agua caliente y unos minutos.<\/p>\n<\/li>\n<li data-start=\"865\" data-end=\"953\">\n<p data-start=\"867\" data-end=\"953\">\u2705 <strong data-start=\"869\" data-end=\"897\">Presentaci\u00f3n individual.<\/strong> 112 g por paquete, ideal para una comida o cena r\u00e1pida.<\/p>\n<\/li>\n<\/ul>\n<hr data-start=\"955\" data-end=\"958\" \/>\n<p data-start=\"960\" data-end=\"1121\"><strong data-start=\"963\" data-end=\"981\">Perfecto para:<\/strong><br data-start=\"981\" data-end=\"984\" \/>Amantes del ramen, personas con estilo de vida saludable, veganos y todos los que quieran probar un ramen coreano sin renunciar al sabor.<\/p>\n<hr data-start=\"1123\" data-end=\"1126\" \/>\n<\/div>\n<\/div>\n<\/div>\n<\/div>\n<div class=\"aria-live=polite absolute\">\n<div class=\"flex items-center justify-center\"><\/div>\n<\/div>\n<\/div>\n<\/div>\n<\/article>\n<div class=\"pointer-events-none h-px w-px\" aria-hidden=\"true\" data-edge=\"true\"><\/div>\n","protected":false},"excerpt":{"rendered":"<p>Nongshim Soon Veggie Ramyun \u2013 Fideos Veganos Coreanos (112g) Delicioso, ligero y 100% vegetal.Nongshim Soon Veggie Ramyun es la opci\u00f3n perfecta para quienes buscan una comida r\u00e1pida y reconfortante sin ingredientes de origen animal. Elaborado por una de las marcas m\u00e1s reconocidas de Corea del Sur, este ramen ofrece todo el sabor tradicional en una [&hellip;]<\/p>\n","protected":false},"featured_media":945,"comment_status":"open","ping_status":"closed","template":"","meta":[],"product_brand":[],"product_cat":[36],"product_tag":[],"class_list":{"0":"post-988","1":"product","2":"type-product","3":"status-publish","4":"has-post-thumbnail","6":"product_cat-ramen-noodles","8":"first","9":"instock","10":"taxable","11":"shipping-taxable","12":"purchasable","13":"product-type-simple"},"_links":{"self":[{"href":"https:\/\/arguimarket.com\/index.php?rest_route=\/wp\/v2\/product\/988","targetHints":{"allow":["GET"]}}],"collection":[{"href":"https:\/\/arguimarket.com\/index.php?rest_route=\/wp\/v2\/product"}],"about":[{"href":"https:\/\/arguimarket.com\/index.php?rest_route=\/wp\/v2\/types\/product"}],"replies":[{"embeddable":true,"href":"https:\/\/arguimarket.com\/index.php?rest_route=%2Fwp%2Fv2%2Fcomments&post=988"}],"wp:featuredmedia":[{"embeddable":true,"href":"https:\/\/arguimarket.com\/index.php?rest_route=\/wp\/v2\/media\/945"}],"wp:attachment":[{"href":"https:\/\/arguimarket.com\/index.php?rest_route=%2Fwp%2Fv2%2Fmedia&parent=988"}],"wp:term":[{"taxonomy":"product_brand","embeddable":true,"href":"https:\/\/arguimarket.com\/index.php?rest_route=%2Fwp%2Fv2%2Fproduct_brand&post=988"},{"taxonomy":"product_cat","embeddable":true,"href":"https:\/\/arguimarket.com\/index.php?rest_route=%2Fwp%2Fv2%2Fproduct_cat&post=988"},{"taxonomy":"product_tag","embeddable":true,"href":"https:\/\/arguimarket.com\/index.php?rest_route=%2Fwp%2Fv2%2Fproduct_tag&post=988"}],"curies":[{"name":"wp","href":"https:\/\/api.w.org\/{rel}","templated":true}]}}